{"id":2,"date":"2019-01-09T21:09:20","date_gmt":"2019-01-09T20:09:20","guid":{"rendered":"http:\/\/fouquetandco.com\/?page_id=2"},"modified":"2025-03-11T15:56:21","modified_gmt":"2025-03-11T14:56:21","slug":"page-d-exemple","status":"publish","type":"page","link":"https:\/\/fouquetandco.com\/index.php\/page-d-exemple\/","title":{"rendered":"A propos"},"content":{"rendered":"<p><img loading=\"lazy\" decoding=\"async\" class=\" wp-image-62 alignleft\" src=\"http:\/\/fouquetandco.com\/wp-content\/uploads\/2019\/01\/Photo-Julie-Fouquet-281x300.jpg\" alt=\"\" width=\"141\" height=\"150\" srcset=\"https:\/\/fouquetandco.com\/wp-content\/uploads\/2019\/01\/Photo-Julie-Fouquet-281x300.jpg 281w, https:\/\/fouquetandco.com\/wp-content\/uploads\/2019\/01\/Photo-Julie-Fouquet.jpg 480w\" sizes=\"(max-width: 141px) 100vw, 141px\" \/>Julie Fouquet propose un coaching intimiste au sein de son cabinet situ\u00e9 au pied de la gare de Rouen.<\/p>\n<p>Sa qualit\u00e9 de pr\u00e9sence et son \u00e9coute bienveillante permettent \u00e0 ses clients de se sentir en confiance.<\/p>\n<p>Se refusant \u00e0 tout jugement, elle offre\u00a0 l&rsquo;occasion d&rsquo;\u00eatre soi, de s&rsquo;observer de fa\u00e7on plus juste et surtout de trouver la force d&rsquo;avancer ou de se remettre en route.<\/p>\n<p>Le premier rendez-vous permet de voir si le courant passe et de d\u00e9terminer l&rsquo;objectif sur lequel la personne souhaite travailler. Ensuite le coach et le coach\u00e9 se mettent d&rsquo;accord sur un contrat contenant les modalit\u00e9s de l&rsquo;accompagnement mais surtout l&rsquo;objectif du coaching et les indicateurs de r\u00e9sultat. La d\u00e9ontologie suivie est celle de <a href=\"https:\/\/www.emccfrance.org\/deontologie-coach-mentors\/\">l&rsquo;EMCC<\/a>.<\/p>\n<p>Julie Fouquet propose \u00e0 la fois du coaching de vie pour les particuliers,<br \/>mais aussi des ateliers de coaching collectif pour les personnes aspirant \u00e0 une nouvelle dynamique professionnelle (MAP). En entreprise , elle dispense un accompagnement sur mesure en fonction des besoins et en association si besoin est avec d&rsquo;autres professionnels (consultants, coachs, m\u00e9diateurs, psychologues,&#8230;).<\/p>\n<p>Persuad\u00e9e que tout le monde a sa place et un r\u00f4le \u00e0 jouer dans la vie et dans toute organisation, Julie Fouquet axe ses coachings dans la recherche de sens et de motivation.<\/p>\n<p>Ses valeurs de coach sont : l&rsquo;AUTHENTICITE, la BIENVEILLANCE, la COOPERATION et la CONTRIBUTION.<\/p>\n<p>Julie Fouquet met \u00e0 la disposition de ses clients sa pr\u00e9sence bienveillante, ses qualit\u00e9s et ses d\u00e9fauts, son exp\u00e9rience professionnelle de 10 ans comme documentaliste ind\u00e9pendante, son exp\u00e9rience associative comme pr\u00e9sidente et fondatrice d&rsquo;une association de solidarit\u00e9 internationale pendant 10 ans, son exp\u00e9rience de m\u00e8re de famille ayant perdu un enfant.<\/p>\n<p>Persuad\u00e9e qu&rsquo;il n&rsquo;est jamais trop tard pour r\u00e9enchanter sa vie et que toute vie vaut d&rsquo;\u00eatre v\u00e9cue, elle met son \u00e9nergie au service des personnes ayant besoin d&rsquo;un nouveau souffle.<\/p>\n\n\n<p>Julie Fouquet a \u00e9t\u00e9 certifi\u00e9e Coach Praticienne par la Coach Acad\u00e9mie en f\u00e9vrier 2018 et accr\u00e9dit\u00e9e \u00ab\u00a0Practitioner\u00a0\u00bb par l&rsquo;EMCC en f\u00e9vrier 2025.<\/p>\n\n\n\n<div data-wp-interactive=\"core\/file\" class=\"wp-block-file\"><object data-wp-bind--hidden=\"!state.hasPdfPreview\"  class=\"wp-block-file__embed\" data=\"https:\/\/fouquetandco.com\/wp-content\/uploads\/2025\/03\/Annexes-Julie-Fouquet.pdf\" type=\"application\/pdf\" style=\"width:100%;height:600px\" aria-label=\"Contenu embarqu\u00e9 Annexes-Julie-Fouquet.\"><\/object><a id=\"wp-block-file--media-5c87f624-2f8c-4ae0-8654-b2d2f15d8457\" href=\"https:\/\/fouquetandco.com\/wp-content\/uploads\/2025\/03\/Annexes-Julie-Fouquet.pdf\">Annexes-Julie-Fouquet<\/a><a href=\"https:\/\/fouquetandco.com\/wp-content\/uploads\/2025\/03\/Annexes-Julie-Fouquet.pdf\" class=\"wp-block-file__button wp-element-button\" download aria-describedby=\"wp-block-file--media-5c87f624-2f8c-4ae0-8654-b2d2f15d8457\">T\u00e9l\u00e9charger<\/a><\/div>\n\n\n\n<p><\/p>\n","protected":false},"excerpt":{"rendered":"<p>Julie Fouquet propose un coaching intimiste au sein de son cabinet situ\u00e9 au pied de la gare de Rouen. Sa qualit\u00e9 de pr\u00e9sence et son \u00e9coute bienveillante permettent \u00e0 ses clients de se sentir en confiance. Se refusant \u00e0 tout jugement, elle offre\u00a0 l&rsquo;occasion d&rsquo;\u00eatre soi, de s&rsquo;observer de fa\u00e7on plus juste et surtout de &hellip; <a href=\"https:\/\/fouquetandco.com\/index.php\/page-d-exemple\/\" class=\"more-link\">Continuer la lecture de <span class=\"screen-reader-text\">A propos<\/span><\/a><\/p>\n","protected":false},"author":1,"featured_media":0,"parent":0,"menu_order":0,"comment_status":"closed","ping_status":"open","template":"","meta":{"footnotes":""},"_links":{"self":[{"href":"https:\/\/fouquetandco.com\/index.php\/wp-json\/wp\/v2\/pages\/2"}],"collection":[{"href":"https:\/\/fouquetandco.com\/index.php\/wp-json\/wp\/v2\/pages"}],"about":[{"href":"https:\/\/fouquetandco.com\/index.php\/wp-json\/wp\/v2\/types\/page"}],"author":[{"embeddable":true,"href":"https:\/\/fouquetandco.com\/index.php\/wp-json\/wp\/v2\/users\/1"}],"replies":[{"embeddable":true,"href":"https:\/\/fouquetandco.com\/index.php\/wp-json\/wp\/v2\/comments?post=2"}],"version-history":[{"count":20,"href":"https:\/\/fouquetandco.com\/index.php\/wp-json\/wp\/v2\/pages\/2\/revisions"}],"predecessor-version":[{"id":383,"href":"https:\/\/fouquetandco.com\/index.php\/wp-json\/wp\/v2\/pages\/2\/revisions\/383"}],"wp:attachment":[{"href":"https:\/\/fouquetandco.com\/index.php\/wp-json\/wp\/v2\/media?parent=2"}],"curies":[{"name":"wp","href":"https:\/\/api.w.org\/{rel}","templated":true}]}}