{"id":41,"date":"2019-01-09T22:51:17","date_gmt":"2019-01-09T21:51:17","guid":{"rendered":"http:\/\/fouquetandco.com\/?page_id=41"},"modified":"2024-11-14T16:20:46","modified_gmt":"2024-11-14T15:20:46","slug":"engagements","status":"publish","type":"page","link":"https:\/\/fouquetandco.com\/index.php\/engagements\/","title":{"rendered":"B\u00e9n\u00e9volat"},"content":{"rendered":"\n<blockquote class=\"wp-block-quote is-layout-flow wp-block-quote-is-layout-flow\"><div class=\"wp-block-image\">\n<figure class=\"alignright size-full is-resized\"><img loading=\"lazy\" decoding=\"async\" width=\"455\" height=\"386\" src=\"http:\/\/fouquetandco.com\/wp-content\/uploads\/2024\/11\/Benoit.jpg\" alt=\"\" class=\"wp-image-343\" style=\"width:263px;height:auto\" srcset=\"https:\/\/fouquetandco.com\/wp-content\/uploads\/2024\/11\/Benoit.jpg 455w, https:\/\/fouquetandco.com\/wp-content\/uploads\/2024\/11\/Benoit-300x255.jpg 300w\" sizes=\"(max-width: 455px) 100vw, 455px\" \/><\/figure><\/div>\n\n\n<p>\u00ab\u00a0Soyez le changement que vous voulez voir dans le monde !\u00a0\u00bb<\/p>\n<cite>Gandhi<\/cite><\/blockquote>\n\n\n\n<p>La solidarit\u00e9 a toujours \u00e9t\u00e9 le moteur de Julie Fouquet et l&rsquo;engagement associatif le moyen de la mettre en oeuvre. <\/p>\n\n\n\n<p>Elle a rejoint l&rsquo;association <strong>60 000 Rebonds comme coach b\u00e9n\u00e9vole<\/strong> pour l&rsquo;accompagnement d&rsquo;entrepreneurs normands ayant fait faillite \u00e0 rebondir. Elle est aujourd&rsquo;hui <strong>coach r\u00e9f\u00e9rent pour la Normandie.<\/strong><\/p>\n\n\n\n<p>Elle est aussi membre active et secr\u00e9taire des <strong>FCE <\/strong>&#8211; <strong>Femmes Chef d&rsquo;Entreprise<\/strong> depuis 2017.<\/p>\n\n\n\n<p>Elle est aussi <strong>secr\u00e9taire de l&rsquo;association Amiti\u00e9 Chr\u00e9tiens Musulmans<\/strong> depuis 2023.<\/p>\n","protected":false},"excerpt":{"rendered":"<p>La solidarit\u00e9 a toujours \u00e9t\u00e9 le moteur de Julie Fouquet et l&rsquo;engagement associatif le moyen de la mettre en oeuvre. Elle a rejoint l&rsquo;association 60 000 Rebonds comme coach b\u00e9n\u00e9vole pour l&rsquo;accompagnement d&rsquo;entrepreneurs normands ayant fait faillite \u00e0 rebondir. Elle est aujourd&rsquo;hui coach r\u00e9f\u00e9rent pour la Normandie. Elle est aussi membre active et secr\u00e9taire des &hellip; <a href=\"https:\/\/fouquetandco.com\/index.php\/engagements\/\" class=\"more-link\">Continuer la lecture de <span class=\"screen-reader-text\">B\u00e9n\u00e9volat<\/span><\/a><\/p>\n","protected":false},"author":1,"featured_media":0,"parent":0,"menu_order":0,"comment_status":"closed","ping_status":"closed","template":"","meta":{"footnotes":""},"_links":{"self":[{"href":"https:\/\/fouquetandco.com\/index.php\/wp-json\/wp\/v2\/pages\/41"}],"collection":[{"href":"https:\/\/fouquetandco.com\/index.php\/wp-json\/wp\/v2\/pages"}],"about":[{"href":"https:\/\/fouquetandco.com\/index.php\/wp-json\/wp\/v2\/types\/page"}],"author":[{"embeddable":true,"href":"https:\/\/fouquetandco.com\/index.php\/wp-json\/wp\/v2\/users\/1"}],"replies":[{"embeddable":true,"href":"https:\/\/fouquetandco.com\/index.php\/wp-json\/wp\/v2\/comments?post=41"}],"version-history":[{"count":12,"href":"https:\/\/fouquetandco.com\/index.php\/wp-json\/wp\/v2\/pages\/41\/revisions"}],"predecessor-version":[{"id":341,"href":"https:\/\/fouquetandco.com\/index.php\/wp-json\/wp\/v2\/pages\/41\/revisions\/341"}],"wp:attachment":[{"href":"https:\/\/fouquetandco.com\/index.php\/wp-json\/wp\/v2\/media?parent=41"}],"curies":[{"name":"wp","href":"https:\/\/api.w.org\/{rel}","templated":true}]}}